{"id":1121,"date":"2025-09-12T16:52:23","date_gmt":"2025-09-12T14:52:23","guid":{"rendered":"https:\/\/isit.uws.edu.pl\/?page_id=1121"},"modified":"2025-09-23T15:13:33","modified_gmt":"2025-09-23T13:13:33","slug":"agenda","status":"publish","type":"page","link":"https:\/\/cisit.uws.edu.pl\/2025\/agenda\/","title":{"rendered":"Agenda"},"content":{"rendered":"\t\t<div data-elementor-type=\"wp-page\" data-elementor-id=\"1121\" class=\"elementor elementor-1121\">\n\t\t\t\t\t\t<section class=\"elementor-section elementor-top-section elementor-element elementor-element-6bf013ae ct-section-stretched elementor-section-boxed elementor-section-height-default elementor-section-height-default\" data-id=\"6bf013ae\" data-element_type=\"section\" data-e-type=\"section\" data-settings=\"{&quot;background_background&quot;:&quot;classic&quot;}\">\n\t\t\t\t\t\t<div class=\"elementor-container elementor-column-gap-default\">\n\t\t\t\t\t<div class=\"elementor-column elementor-col-100 elementor-top-column elementor-element elementor-element-55d43999\" data-id=\"55d43999\" data-element_type=\"column\" data-e-type=\"column\">\n\t\t\t<div class=\"elementor-widget-wrap elementor-element-populated\">\n\t\t\t\t\t\t<div class=\"elementor-element elementor-element-2aaeb90 elementor-widget elementor-widget-heading\" data-id=\"2aaeb90\" data-element_type=\"widget\" data-e-type=\"widget\" data-widget_type=\"heading.default\">\n\t\t\t\t<div class=\"elementor-widget-container\">\n\t\t\t\t\t<h2 class=\"elementor-heading-title elementor-size-default\">Conference Agenda<\/h2>\t\t\t\t<\/div>\n\t\t\t\t<\/div>\n\t\t\t\t\t<\/div>\n\t\t<\/div>\n\t\t\t\t\t<\/div>\n\t\t<\/section>\n\t\t<div class=\"elementor-element elementor-element-31d93354 e-flex e-con-boxed e-con e-parent\" data-id=\"31d93354\" data-element_type=\"container\" data-e-type=\"container\">\n\t\t\t\t\t<div class=\"e-con-inner\">\n\t\t\t\t<div class=\"elementor-element elementor-element-32b737f0 elementor-widget elementor-widget-text-editor\" data-id=\"32b737f0\" data-element_type=\"widget\" data-e-type=\"widget\" data-widget_type=\"text-editor.default\">\n\t\t\t\t<div class=\"elementor-widget-container\">\n\t\t\t\t\t\t\t\t\t<h3>DAY<strong style=\"font-family: inherit; font-size: inherit; font-style: inherit; font-variant-ligatures: inherit; font-variant-caps: inherit;\"><u> 1: Wednesday, September 24, 2025 <\/u><\/strong><strong style=\"font-family: inherit; font-size: inherit; font-style: inherit; font-variant-ligatures: inherit; font-variant-caps: inherit;\">(Hall 3, 3 Maja St. 54)<\/strong><\/h3><p><strong>9:00 \u2013 11:30 |<\/strong>\ud83c\udf1f<strong> Inaugural Session<\/strong><\/p><p><strong>Chairmen:<\/strong> Anna Wawrzy\u0144czak-Szaban, Chairman of the ISIT 2025 Conference, Jaros\u0142aw Skaruz<\/p><ul><li><strong>9:00 &#8211; 9:30<\/strong> Official Opening of the Conference<\/li><li><strong>9:30 &#8211; 10:30<\/strong> <strong>Keynote Lecture 1:<\/strong> AI-based Business Applications for Transforming Data into Decisions &#8211; <strong>prof. dr hab. Zbigniew J\u00f3zef Michalewicz <\/strong>(45 min talk + 15 min Q&amp;A)<\/li><li><strong>10:30 &#8211; 11:30<\/strong> <strong>Keynote Lecture 2:<\/strong> Areas and forms of artificial intelligence applications in medicine (in Polish) &#8211; <strong>prof. <\/strong><strong> dr hab. in\u017c. Ryszard Tadeusiewicz<\/strong> \ud83d\udcbb (45 min talk + 15 min Q&amp;A)<\/li><\/ul><p><strong>11:30 \u2013 12:00 | <\/strong>\u2615 <strong>Coffee Break<\/strong><\/p><p><strong>12:00 \u2013 13:40 | <\/strong><strong>\ud83e\uddd1\u200d\ud83c\udfeb <\/strong><strong>Session I: AI in Physical Sciences<\/strong> (Total duration: 100 mins)<\/p><p><strong>Chairmen:<\/strong> Andrzej Barczak, Artur Niewiadomski<\/p><ul><li><strong>Jerzy Tch\u00f3rzewski, Wojciech Nabia\u0142ek and Kamil Kwa\u015bniak.<\/strong> Simulation Studies of the Neural Model of the National Electricity Demand System (15 min talk + 5 min Q&amp;A)<\/li><li><strong>Slavko Dragi\u0107, Rados\u0142aw Marl\u0119ga and Jerzy Tch\u00f3rzewski.<\/strong> Hard Coal Market System Modeling a Case Study Using Regression Machine Learning (15 min talk + 5 min Q&amp;A)<\/li><li><strong>Dariusz Rucinski.<\/strong> Data Analysis for Selecting the Structure and Parameters of the Power System Model as an Intelligent System (15 min talk + 5 min Q&amp;A)<\/li><li><strong>Anna Wawrzynczak-Szaban and Dominik Filipczuk.<\/strong> Improving Airborne Contamination Forecasting with Tree-Structured Parzen Estimator-Based Neural Network Tuning (15 min talk + 5 min Q&amp;A)<\/li><li><strong>Agnieszka Siluszyk, Agnieszka Gil, Renata Modzelewska, Marek Siluszyk, Anna Wawrzaszek and Anna Wawrzynczak-Szaban.<\/strong> Machine Learning for Geomagnetic Storm Analysis: Uncovering Patterns in Solar Cycle 24 Variables (15 min talk + 5 min Q&amp;A)<\/li><\/ul><p><strong>13:40 \u2013 14:40 | <\/strong>\ud83c\udf7d\ufe0f <strong>Lunch Break<\/strong><\/p><p><strong>14:40 \u2013 16:20 | <\/strong><strong>\ud83e\uddd1\u200d\ud83c\udfeb Session II: Core Methods, Theory, and Security of AI<\/strong> (Total duration: 100 mins)<\/p><p><strong>Chairmen:<\/strong> Jerzy Tch\u00f3rzewski, Piotr \u015awitalski<\/p><ul><li><strong>Mieczys\u0142aw K\u0142opotek, Slawomir T. Wierzchon, Bart\u0142omiej Starosta, Piotr Borkowski and Dariusz Czerski.<\/strong> On Applicability of Explanation Evaluation (15 min talk + 5 min Q&amp;A)<\/li><li><strong>Stanis\u0142aw Ambroszkiewicz.<\/strong> Functionals in the Clouds: a Cloud-Native Function-Level Programming (15 min talk + 5 min Q&amp;A)<\/li><li><strong>Andrzej Barczak and Micha\u0142 Barczak.<\/strong> Secure Artificial Intelligence Systems. Development, Implementation, And Usage. (15 min talk + 5 min Q&amp;A)<\/li><li><strong>Cezary Borkowski, Miroslaw Szaban and Franciszek Seredynski.<\/strong> Solving the Problem of Pattern Formation Using Genetic Algorithm (15 min talk + 5 min Q&amp;A)<\/li><li><strong>Dawid Dziedzic and Miroslaw Szaban.<\/strong> Is it Possible to Construct an Artificial Neural Network Using Cellular Automata? (15 min talk + 5 min Q&amp;A)<\/li><\/ul><p><strong>16:45 <\/strong>\ud83c\udf89 <strong>Welcome Dinner <\/strong>(Student Club PeHa, 3 Maja St. 49)<\/p><h3>\u00a0<\/h3><h3><u>DAY 2: Thursday, September 25, 2025 <\/u>(Hall 3, 3 Maja St. 54)<\/h3><p><strong>9:30 \u2013 10:30 | <\/strong>\ud83c\udf1f <strong>Inaugural Session II<\/strong><\/p><p><strong>Chairmen:<\/strong> Franciszek Seredy\u0144ski, Grzegorz Terlikowski<\/p><ul><li><strong>9:30 \u2013 10:30<\/strong> <strong>Keynote Lecture 3:<\/strong> Physics-informed artificial intelligence <br \/><strong>prof. <\/strong><strong>dr hab. in\u017c. W\u0142odzis\u0142aw Duch <\/strong>\ud83d\udcbb (45 min talk + 15 min Q&amp;A)<\/li><\/ul><p><strong>10:30 \u2013 11:00 | <\/strong>\u2615<strong>Coffee Break<\/strong><\/p><p><strong>11:00 \u2013 12:00 | <\/strong><strong>\ud83e\uddd1\u200d\ud83c\udfeb Session III: AI in Medicine and Healthcare<\/strong> (Total duration: 60 mins)<\/p><p><strong>Chairmen:<\/strong> Mieczys\u0142aw K\u0142opotek, Dariusz Miku\u0142owski<\/p><ul><li><strong>Mathieu Francois, Iv\u00e1n Rivero, Cristina T\u00eern\u01ceuc\u01ce and Rafael Duque.<\/strong> An Interactive Platform for Medical Machine Learning Using AutoML and Large Language Models (15 min talk + 5 min Q&amp;A) \ud83d\udcbb<\/li><li><strong>Khaoula Ballouk and Ismail Lagrat.<\/strong> Advancing Emergency Department Operations through AI-Based Triage Systems (15 min talk + 5 min Q&amp;A) \ud83d\udcbb<\/li><li><strong>Marcin St\u0119pniak, Wojciech Nabia\u0142ek, Artur Niewiadomski, Mateusz Przychodzki and Andrzej S\u0119dek.<\/strong> Physiological Monitoring Devices for Virtual Reality Therapy: Technologies, Applications, and Future Directions (15 min talk + 5 min Q&amp;A)<\/li><\/ul><p><strong>12:00 \u2013 13:00 | <\/strong>\ud83c\udf7d\ufe0f <strong>Lunch Break<\/strong><\/p><p><strong>13:00 \u2013 14:40 | <\/strong>\ud83e\uddd1\u200d\ud83c\udfeb<strong>Session IV: Intelligent Solutions for People with Special Needs<\/strong> (Total duration: 100 mins)<\/p><p><strong>Chairmen:<\/strong> Przemys\u0142aw Simi\u0144ski, Marcin St\u0119pniak<\/p><ul><li><strong>Dariusz Mikulowski.<\/strong> Automatic Creation of Sound Binaural Scenes To Develop Spatial Orientation Skills of Blind Individuals (15 min talk + 5 min Q&amp;A)<\/li><li><strong>Stefan Svetsky, Dariusz Mikulowski, Zuzana Cervenanska and Wojciech Nabialek.<\/strong> WPad &#8211; Personal User Adapted System as a Supporting Assistive Technology For BVI Users (15 min talk + 5 min Q&amp;A) \ud83d\udcbb<\/li><li><strong>Boopathi Palanisamy and Dariusz Mikulowski.<\/strong> Uncovering Posthuman Interdependence: Accessible Computing and Transformative Potential of Artificial Intelligence (15 min talk + 5 min Q&amp;A) \ud83d\udcbb<\/li><li><span lang=\"EN-GB\"><b>Tomas Sladcik and Michal Janosek<\/b>, <\/span><span lang=\"EN-GB\">Agent-Based Reinforcement Learning for Smart Heating\u00a0<\/span><span lang=\"EN-GB\">(15 min talk + 5 min Q&amp;A) <\/span><span style=\"font-family: 'Segoe UI Emoji',sans-serif; mso-bidi-font-family: 'Segoe UI Emoji';\">\ud83d\udcbb<\/span><b><\/b><\/li><li><strong>Marek Pilski.<\/strong> A comparative analysis of key features of WCAG-based website digital assessment methodologies (15 min talk + 5 min Q&amp;A)<\/li><\/ul><p><strong>14:40 \u2013 15:10 | <\/strong>\u2615<strong>Coffee Break<\/strong><\/p><p><strong>15:10 \u2013 15:50 | Session V: <\/strong><strong>Applied AI: Defense, Robotics, and Education<\/strong> (Total duration: 40 mins)<\/p><p><strong style=\"font-family: inherit; font-size: inherit; font-style: inherit; font-variant-ligatures: inherit; font-variant-caps: inherit;\">Chairmen:<\/strong><span style=\"font-family: inherit; font-size: inherit; font-style: inherit; font-variant-ligatures: inherit; font-variant-caps: inherit; font-weight: inherit;\"> Stanis\u0142aw Ambroszkiewicz, Marek Pilski<\/span><\/p><ul><li><strong>Przemys\u0142aw Simi\u0144ski.<\/strong> Unmanned Ground Vehicles (UGVs) on the Modern Battlefield: Threats in Light of the Russia\u2013Ukraine War Experience (15 min talk + 5 min Q&amp;A)<\/li><li><strong>Ewa Szczepanik and Szymon Szczepanik.<\/strong> The Use of Artificial Intelligence in Teaching Robotics at School Using LEGO Mindstorms (15 min talk + 5 min Q&amp;A)<\/li><\/ul><h3>\u00a0<\/h3><h3><u>DAY 3: Friday, September 26, 2025 <\/u>(Hall 3, 3 Maja St. 54)<\/h3><p><strong>9:00 \u2013 10:00 | <\/strong>\ud83c\udf1f <strong>Inaugural Session IV<\/strong><\/p><p><strong>Chairmen:<\/strong> Jerzy Tch\u00f3rzewski, Andrzej Salamo\u0144czyk<\/p><ul><li><strong>9:00 \u2013 10:00<\/strong> <strong>Keynote Lecture 4:<\/strong> Extended Green Cloud Simulator \u2013 Leveraging Multi-Agent Systems for Green Cloud Simulations &#8211; <strong>prof. <\/strong><strong> dr hab. Marcin Paprzycki <\/strong>\ud83d\udcbb (45 min talk + 15 min Q&amp;A)<\/li><\/ul><p><strong>10:00 \u2013 10:30 | <\/strong>\u2615<strong>Coffee Break<\/strong><\/p><p><strong>10:30 \u2013 12:30 | <\/strong>\ud83c\udf93 <strong>Tutorial (Part 1) <em>(room 31, <\/em><\/strong><strong><em>3 Maja St. 54)<\/em><\/strong><\/p><ul><li><strong>Leveraging Large Language Models for Private Data<\/strong><\/li><li><strong>Instructor:<\/strong> Krzysztof Nawrocki, Dr. Rafa\u0142 Mo\u017cd\u017conek \u00a0National Centre for Nuclear Research<\/li><\/ul><p><strong>12:30 \u2013 13:30 | <\/strong>\ud83c\udf7d\ufe0f <strong>Lunch Break<\/strong><strong style=\"font-family: inherit; font-size: inherit; font-style: inherit; font-variant-ligatures: inherit; font-variant-caps: inherit;\">\u00a0<\/strong><\/p><p><strong>13:30 \u2013 16:30 | <\/strong>\ud83c\udf93 <strong>Tutorial (Part 2) <em>(room 31, <\/em><\/strong><strong><em>3 Maja St. 54)<\/em><\/strong><\/p><ul><li><strong>Leveraging Large Language Models for Private Data<\/strong><\/li><li><strong>Instructor:<\/strong> Krzysztof Nawrocki, Dr. Rafa\u0142 Mo\u017cd\u017conek<strong>, <\/strong>National Centre for Nuclear Research<\/li><\/ul><p><strong>16:30 \u2013 17:00 | Official End of the Conference<\/strong><\/p><p><strong>Chairmen:<\/strong> Dr Anna Wawrzy\u0144czak-Szaban, Chairman of the ISIT 2025 Conference<\/p><ul><li>Closing remarks and awards.<\/li><\/ul><div><h3><b>About the tutorial: <\/b><b><i>Leveraging Large Language Models for Private Data<\/i><\/b><\/h3><p><b><img fetchpriority=\"high\" decoding=\"async\" class=\"alignnone size-full wp-image-1175\" src=\"https:\/\/isit.uws.edu.pl\/wp-content\/uploads\/2025\/09\/tutorial_logotypy.jpg\" alt=\"\" width=\"1349\" height=\"61\" srcset=\"https:\/\/cisit.uws.edu.pl\/2025\/wp-content\/uploads\/2025\/09\/tutorial_logotypy.jpg 1349w, https:\/\/cisit.uws.edu.pl\/2025\/wp-content\/uploads\/2025\/09\/tutorial_logotypy-300x14.jpg 300w, https:\/\/cisit.uws.edu.pl\/2025\/wp-content\/uploads\/2025\/09\/tutorial_logotypy-1024x46.jpg 1024w, https:\/\/cisit.uws.edu.pl\/2025\/wp-content\/uploads\/2025\/09\/tutorial_logotypy-768x35.jpg 768w\" sizes=\"(max-width: 1349px) 100vw, 1349px\" \/><\/b><\/p><p><b>Instructors:<\/b> <b>Dr. Krzysztof Nawrocki<\/b><span style=\"font-weight: 400;\">, National Centre for Nuclear Research (NCBJ),\u00a0<\/span><span style=\"font-weight: bold; font-variant-ligatures: inherit; font-variant-caps: inherit;\">Dr. Rafa\u0142 Mo\u017cd\u017conek<\/span><span style=\"font-weight: bold; font-variant-ligatures: inherit; font-variant-caps: inherit;\">\u00a0<\/span><\/p><p><b>Date:<\/b><span style=\"font-weight: 400;\"> 26.09.2025, 10:00 &#8211; 17.00<\/span><span style=\"font-weight: 400;\"><br \/><\/span><b>Format:<\/b><span style=\"font-weight: 400;\"> On-site, Room 31<\/span><span style=\"font-weight: 400;\"><br \/><\/span><b>Language:<\/b><span style=\"font-weight: 400;\"> English<\/span><\/p><p><b>About the Tutorial:<\/b><\/p><p><span style=\"font-weight: 400;\">This hands-on session introduces how <\/span><b>Large Language Models (LLMs)<\/b><span style=\"font-weight: 400;\"> can be applied to <\/span><b>private datasets<\/b><span style=\"font-weight: 400;\"> in secure environments. Participants will explore tools and techniques that enable the use of generative AI while ensuring sensitive data never leaves the local infrastructure.<\/span><\/p><p><span style=\"font-weight: 400;\">The tutorial outlines the <\/span><b>architecture and data requirements<\/b><span style=\"font-weight: 400;\"> needed to build a <\/span><b>private ChatGPT-like assistant<\/b><span style=\"font-weight: 400;\">, focusing on semantic understanding and data control.<\/span><\/p><p><b>Topics Include:<\/b><\/p><ul><li style=\"font-weight: 400;\" aria-level=\"1\"><span style=\"font-weight: 400;\">Overview of LLMs and transformer models<\/span><\/li><li style=\"font-weight: 400;\" aria-level=\"1\"><span style=\"font-weight: 400;\">The attention mechanism and its role in language processing<\/span><\/li><li style=\"font-weight: 400;\" aria-level=\"1\"><span style=\"font-weight: 400;\">Methods of adapting LLMs to specific domains and datasets<\/span><\/li><li style=\"font-weight: 400;\" aria-level=\"1\"><b>Fine-tuning<\/b><span style=\"font-weight: 400;\"> LLMs on private data (hands-on)<\/span><\/li><li style=\"font-weight: 400;\" aria-level=\"1\"><b>Retrieval Augmented Generation (RAG)<\/b><span style=\"font-weight: 400;\"> \u2013 theory and practical exercises<\/span><\/li><li style=\"font-weight: 400;\" aria-level=\"1\"><span style=\"font-weight: 400;\">Advanced RAG enhancement techniques (hands-on)<\/span><\/li><\/ul><p><b>About the Instructors:<\/b><\/p><p><b>Dr. Krzysztof Nawrocki<\/b><span style=\"font-weight: 400;\"> is a <\/span><b>particle physicist<\/b><span style=\"font-weight: 400;\"> at the <\/span><b>National Centre for Nuclear Research (NCBJ)<\/b><span style=\"font-weight: 400;\"> with broad experience in <\/span><b>big data, grid computing, astronomy<\/b><span style=\"font-weight: 400;\">, and <\/span><b>machine learning<\/b><span style=\"font-weight: 400;\">. He specializes in <\/span><b>text data analysis<\/b><span style=\"font-weight: 400;\">, particularly in <\/span><b>medical applications<\/b><span style=\"font-weight: 400;\">, and is actively involved in the <\/span><b>EuroCC project<\/b><span style=\"font-weight: 400;\">, supporting secure and scalable AI solutions using the <\/span><b>Athena HPC cluster<\/b><span style=\"font-weight: 400;\">.<\/span><\/p><p><span style=\"font-weight: 400;\">\u00a0<\/span><\/p><p style=\"margin-bottom: 12.0pt;\"><b>Dr. Rafa\u0142 Mo\u017cd\u017conek <\/b>is<span style=\"font-family: inherit; font-size: inherit; font-style: inherit; font-variant-ligatures: inherit; font-variant-caps: inherit; font-weight: inherit;\">\u00a0a nuclear physicist by training, has been working for\u00a0<\/span><span style=\"font-family: inherit; font-size: inherit; font-style: inherit; font-variant-ligatures: inherit; font-variant-caps: inherit; font-weight: inherit;\">many years on data analysis, machine learning, and now on LLMs, writing\u00a0<\/span><span style=\"font-family: inherit; font-size: inherit; font-style: inherit; font-variant-ligatures: inherit; font-variant-caps: inherit; font-weight: inherit;\">applications for scientific use at the National Centre for Nuclear Research.<\/span><\/p><\/div><div>\u00a0<\/div><p><strong>(updated on: 12 September 2025)<\/strong><\/p>\t\t\t\t\t\t\t\t<\/div>\n\t\t\t\t<\/div>\n\t\t\t\t\t<\/div>\n\t\t\t\t<\/div>\n\t\t\t\t<\/div>\n\t\t","protected":false},"excerpt":{"rendered":"<p>Conference Agenda DAY 1: Wednesday, September 24, 2025 (Hall 3, 3 Maja St. 54) 9:00 \u2013 11:30 |\ud83c\udf1f Inaugural Session Chairmen: Anna Wawrzy\u0144czak-Szaban, Chairman of the ISIT 2025 Conference, Jaros\u0142aw Skaruz 9:00 &#8211; 9:30 Official Opening of the Conference 9:30 &#8211; 10:30 Keynote Lecture 1: AI-based Business Applications for Transforming Data into Decisions &#8211; prof. [&hellip;]<\/p>\n","protected":false},"author":1,"featured_media":0,"parent":0,"menu_order":0,"comment_status":"closed","ping_status":"closed","template":"elementor_header_footer","meta":{"footnotes":""},"class_list":["post-1121","page","type-page","status-publish","hentry"],"blocksy_meta":[],"_links":{"self":[{"href":"https:\/\/cisit.uws.edu.pl\/2025\/wp-json\/wp\/v2\/pages\/1121","targetHints":{"allow":["GET"]}}],"collection":[{"href":"https:\/\/cisit.uws.edu.pl\/2025\/wp-json\/wp\/v2\/pages"}],"about":[{"href":"https:\/\/cisit.uws.edu.pl\/2025\/wp-json\/wp\/v2\/types\/page"}],"author":[{"embeddable":true,"href":"https:\/\/cisit.uws.edu.pl\/2025\/wp-json\/wp\/v2\/users\/1"}],"replies":[{"embeddable":true,"href":"https:\/\/cisit.uws.edu.pl\/2025\/wp-json\/wp\/v2\/comments?post=1121"}],"version-history":[{"count":32,"href":"https:\/\/cisit.uws.edu.pl\/2025\/wp-json\/wp\/v2\/pages\/1121\/revisions"}],"predecessor-version":[{"id":1178,"href":"https:\/\/cisit.uws.edu.pl\/2025\/wp-json\/wp\/v2\/pages\/1121\/revisions\/1178"}],"wp:attachment":[{"href":"https:\/\/cisit.uws.edu.pl\/2025\/wp-json\/wp\/v2\/media?parent=1121"}],"curies":[{"name":"wp","href":"https:\/\/api.w.org\/{rel}","templated":true}]}}