{"id":824,"date":"2025-05-22T14:37:39","date_gmt":"2025-05-22T12:37:39","guid":{"rendered":"https:\/\/isit.ii.uws.edu.pl\/?page_id=824"},"modified":"2025-12-29T09:40:43","modified_gmt":"2025-12-29T08:40:43","slug":"key-note-speakers","status":"publish","type":"page","link":"https:\/\/cisit.uws.edu.pl\/2025\/key-note-speakers\/","title":{"rendered":"Key note speakers"},"content":{"rendered":"\t\t<div data-elementor-type=\"wp-page\" data-elementor-id=\"824\" class=\"elementor elementor-824\">\n\t\t\t\t\t\t<section class=\"elementor-section elementor-top-section elementor-element elementor-element-29e6ab70 ct-section-stretched elementor-section-boxed elementor-section-height-default elementor-section-height-default\" data-id=\"29e6ab70\" data-element_type=\"section\" data-e-type=\"section\" data-settings=\"{&quot;background_background&quot;:&quot;classic&quot;}\">\n\t\t\t\t\t\t<div class=\"elementor-container elementor-column-gap-default\">\n\t\t\t\t\t<div class=\"elementor-column elementor-col-100 elementor-top-column elementor-element elementor-element-39aac587\" data-id=\"39aac587\" data-element_type=\"column\" data-e-type=\"column\">\n\t\t\t<div class=\"elementor-widget-wrap elementor-element-populated\">\n\t\t\t\t\t\t<div class=\"elementor-element elementor-element-3563f46c elementor-widget elementor-widget-heading\" data-id=\"3563f46c\" data-element_type=\"widget\" data-e-type=\"widget\" data-widget_type=\"heading.default\">\n\t\t\t\t<div class=\"elementor-widget-container\">\n\t\t\t\t\t<h2 class=\"elementor-heading-title elementor-size-default\">Keynote speakers<\/h2>\t\t\t\t<\/div>\n\t\t\t\t<\/div>\n\t\t\t\t\t<\/div>\n\t\t<\/div>\n\t\t\t\t\t<\/div>\n\t\t<\/section>\n\t\t<div class=\"elementor-element elementor-element-4f84e5b3 e-flex e-con-boxed e-con e-parent\" data-id=\"4f84e5b3\" data-element_type=\"container\" data-e-type=\"container\">\n\t\t\t\t\t<div class=\"e-con-inner\">\n\t\t\t\t<div class=\"elementor-element elementor-element-68d82bcd elementor-widget elementor-widget-text-editor\" data-id=\"68d82bcd\" data-element_type=\"widget\" data-e-type=\"widget\" data-widget_type=\"text-editor.default\">\n\t\t\t\t<div class=\"elementor-widget-container\">\n\t\t\t\t\t\t\t\t\t<h3><img fetchpriority=\"high\" decoding=\"async\" class=\"alignnone size-full wp-image-842\" src=\"https:\/\/isit.uws.edu.pl\/2025\/wp-content\/uploads\/2025\/05\/Zbigniew-Michalewicz.jpg\" alt=\"Photo of Zbigniew Michalewicz\" width=\"300\" height=\"390\" srcset=\"https:\/\/cisit.uws.edu.pl\/2025\/wp-content\/uploads\/2025\/05\/Zbigniew-Michalewicz.jpg 300w, https:\/\/cisit.uws.edu.pl\/2025\/wp-content\/uploads\/2025\/05\/Zbigniew-Michalewicz-231x300.jpg 231w\" sizes=\"(max-width: 300px) 100vw, 300px\" \/><\/h3><div><div><h4>prof. dr hab. Zbigniew J\u00f3zef Michalewicz<\/h4><\/div><div><h5>\u00a0<\/h5><h5>SPEECH TITLE: &#8220;AI-based Business Applications for Transforming Data into Decisions&#8221;<\/h5><h5>SPEECH DATE: Wednesday, September 24, 2025, 9:30 &#8211; 10:30<\/h5><p><strong>BIOGRAPHY<\/strong><\/p><p><strong>Zbigniew Michalewicz<\/strong> received his M.Sc. from the Technical University of Warsaw (1974), Ph.D. from the Polish Academy of Sciences (1981), and D.Sc. in Computer Science (1997). He is Emeritus Professor at the University of Adelaide, Australia, and Chief Scientific Officer at Complexica, a provider of AI-powered solutions for optimizing business decisions.<\/p><p>He is internationally recognized for his work in evolutionary computation, having authored over 300 technical papers and several influential books, including <em>Genetic Algorithms + Data Structures = Evolution Programs<\/em>, <em>Adaptive Business Intelligence<\/em>, and <em>How to Solve It: Modern Heuristics<\/em>. His publications have received more than 50,000 citations.<\/p><p>Prof. Michalewicz has served as editor-in-chief of the <em>Handbook of Evolutionary Computation<\/em> and chaired the first IEEE Conference on Evolutionary Computation. He has received numerous honors, including the title of Professor from the President of Poland (2002), the Order of Polonia Restituta (2013), and the IEEE Evolutionary Computation Pioneer Award (2019). His applied research has led to major collaborations with organizations such as General Motors, Ford, the U.S. Department of Defense, and PKN Orlen.<\/p><\/div><div><h4>\u00a0<\/h4><div>\u00a0<\/div><h3><img decoding=\"async\" src=\"https:\/\/isit.uws.edu.pl\/wp-content\/uploads\/2025\/06\/prof_Tadeusiewicz.jpg\" alt=\"\" width=\"301\" height=\"200\" \/><\/h3><h4>prof. dr hab. in\u017c. Ryszard Tadeusiewicz<\/h4><\/div><div><h5>\u00a0<\/h5><h5>SPEECH TITLE: &#8220;Areas and forms of artificial intelligence applications in medicine&#8221;<\/h5><h5>SPEECH DATE: Wednesday, September 24, 2025, 10:30 &#8211; 11:30<\/h5><div><h5><strong style=\"color: #3a4f66; font-family: Raleway, sans-serif; font-size: 16px;\">BIOGRAPHY<\/strong><\/h5><div><p style=\"text-align: justify;\"><b>Ryszard Tadeusiewicz <\/b>Profesor Akademii G\u00f3rniczo-Hutniczej im. Stanis\u0142awa Staszica w Krakowie, w latach 1998-2005 trzykrotnie wybrany rektor tej<br \/>uczelni. Doktor Honoris Causa 15 uczelni. Cz\u0142onek rzeczywisty PAN i w latach 2010 \u2013 2015 prezes Krakowskiego Oddzia\u0142u PAN. Od 1998 roku tak\u017ce cz\u0142onek PAU, za\u0142o\u017cyciel i pierwszy przewodnicz\u0105cy Komisji Nauk Technicznych PAU. Informatyk<b>, <\/b>automatyk i biocybernetyk, autor 1402 publikacji naukowych i 126 ksi\u0105\u017cek. Redaktor 67 monografii naukowych. Zaanga\u017cowany w kszta\u0142cenie kadr naukowych, promotor 76 doktor\u00f3w, recenzent 356 doktorat\u00f3w, 181 habilitacji i 167 wniosk\u00f3w profesorskich. Popularyzator nauki \u2013 napisa\u0142 1427 felieton\u00f3w popularnonaukowych. Od 10 lat dwa razy w tygodniu ma audycje popularnonaukowe w RMF Classic. Szczeg\u00f3\u0142owsza biografia i wykaz dorobku na stronie: <a href=\"http:\/\/www.tadeusiewicz.pl\/\">www.Tadeusiewicz.pl<\/a><\/p><\/div><\/div><div>Abstract:<\/div><div><p style=\"margin-top: 12.0pt;\">Obecnie wsz\u0119dzie i do wszystkiego pr\u00f3buj\u0119 si\u0119 stosowa\u0107 sztuczn\u0105 inteligencj\u0119, przeto nie dziwi fakt, \u017ce liczni badacze i praktycy usi\u0142uj\u0105 j\u0105 wykorzysta\u0107 tak\u017ce w zastosowaniach medycznych. Omawiaj\u0105c obszary i formy tych zastosowa\u0144 warto wspomnie\u0107, \u017ce zastosowania w medycynie by\u0142y jednymi z pierwszych w okresie, gdy sztuczna inteligencja nie by\u0142a tak szeroko znana i \u2013 nie b\u00f3jmy si\u0119 tego s\u0142owa \u2013 modna, jak to ma miejsce obecnie. Jeden z pierwszych system\u00f3w ekspertowych jaki powsta\u0142 i by\u0142 stosowany nazywa\u0142 si\u0119 <b>Mycin<\/b>. Powsta\u0142 on na Uniwersytecie Stanforda w latach 70 XX wieku i s\u0142u\u017cy\u0142 do wspomagania diagnostyki i antybiotykoterapii zaka\u017ce\u0144 krwi.<\/p><p style=\"margin-top: 12.0pt;\">W wyk\u0142adzie inauguruj\u0105cym obrady konferencji <i><span lang=\"EN-US\">Intelligent Information Systems<\/span><\/i> z podtytu\u0142em <i><span lang=\"EN-US\">Artificial Intelligence Impact on Physical Sciences and Medicine<\/span><\/i> nie b\u0119dzie jednak mowa o <b>historii<\/b> sztucznej inteligencji w medycynie, tylko o obszarach i formach jej <b>aktualnych <\/b>zastosowa\u0144.<\/p><p style=\"margin-top: 12.0pt;\">Pierwszym obszarem owych zastosowa\u0144 jest niew\u0105tpliwie wspomaganie pracy urz\u0105dze\u0144 pozyskuj\u0105cych dane o pacjencie. Aparatura obecnie stosowana zbiera<br \/>informacje o morfologicznych i funkcjonalnych zmianach, jakie w organizmie pacjenta poczyni\u0142a choroba, ale wysok\u0105 jako\u015b\u0107 tych informacji zapewnia nie<br \/>tylko doskona\u0142o\u015b\u0107 system\u00f3w pozyskiwania informacji, ale tak\u017ce mo\u017cliwo\u015b\u0107 inteligentnej obr\u00f3bki tych informacji zanim zostan\u0105 one przedstawione<br \/>lekarzowi. Rola sztucznej inteligencji w tym obszarze jest ju\u017c bardzo wysoka i stale ro\u015bnie, bo inteligentnie zebrane i przedstawione symptomy s\u0105 warunkiem<br \/>skutecznego dzia\u0142ania lekarzy.<\/p><p style=\"margin-top: 12.0pt;\">Drugim obszarem, w kt\u00f3rym sztuczna inteligencja przyczynia si\u0119 do sukces\u00f3w w medycynie, jest wspomaganie procesu diagnostycznego i planowania terapii.<br \/>Rola sztucznej inteligencji jest tu bardzo istotna, bo formalnie lekarza podejmuj\u0105cy stosowne decyzje musi bra\u0107 pod uwag\u0119 ca\u0142o\u015b\u0107 wiedzy medycznej, nie<br \/>tylko tej, kt\u00f3r\u0105 wyni\u00f3s\u0142 ze studi\u00f3w i ze swojej w\u0142asnej praktyki lekarskiej, ale zgodnie z zasad\u0105 <i><span lang=\"EN-US\">knowledge based medicine<\/span><\/i> powinien\u00a0 uwzgl\u0119dnia\u0107 najnowsze wyniki bada\u0144 naukowych i raport\u00f3w praktycznych publikowane w milionach artyku\u0142\u00f3w naukowych na ca\u0142ym \u015bwiecie. Pomoc metod i technik sztucznej inteligencji jest tu bardzo przydatna, chocia\u017c trzeba pami\u0119ta\u0107, \u017ce nawet najbardziej inteligentny komputer nie postawi diagnozy i nie zaleci terapii, gdy\u017c te czynno\u015bci s\u0105 zarezerwowane dla cz\u0142owieka (lekarza), kt\u00f3ry za nie ponosi pe\u0142n\u0105 odpowiedzialno\u015b\u0107.<\/p><p style=\"margin-top: 12.0pt;\">Trzecim obszarem zastosowa\u0144 sztucznej inteligencji w medycynie jest sterowanie dzia\u0142aniem aparatury medycznej stosowanej (pod kontrol\u0105 lekarza) w<br \/>terapii i rehabilitacji. Od wyposa\u017conych w mn\u00f3stwo aparatury elektronicznej stanowisk OIOM (intensywnej opieki medycznej), poprzez nowoczesne sale<br \/>operacyjne (anestezjologia, roboty chirurgiczne, badania patomorfologiczne in situ), do urz\u0105dze\u0144 rehabilitacyjnych \u2013 wsz\u0119dzie tam pomoc sztucznej inteligencji jest wielce u\u017cyteczna.<\/p><p style=\"margin-top: 12.0pt;\">Czwartym wa\u017cnym obszarem zastosowa\u0144 sztucznej inteligencji w s\u0142u\u017cbie zdrowia jest sfera zarz\u0105dzania. Plac\u00f3wki s\u0142u\u017cby zdrowia (szpitale, ale tak\u017ce przychodnie) to dzi\u015b miejsca pracy ogromnej liczby ludzi a tak\u017ce miejsca, gdzie wydatkowane s\u0105 ogromne pieni\u0105dze, gromadzone s\u0105 wa\u017cne informacje i podejmowane s\u0105 wa\u017cne decyzje organizacyjne. To wszystko mo\u017ce by\u0107 wspomagane przez systemy sztucznej inteligencji wypr\u00f3bowane w licznych zastosowaniach gospodarczych.<\/p><p style=\"margin-top: 12.0pt;\"><b>ABSTRACT<\/b><\/p><p style=\"margin-top: 12.0pt;\">Obecnie wsz\u0119dzie i do wszystkiego pr\u00f3buj\u0119 si\u0119 stosowa\u0107 sztuczn\u0105 inteligencj\u0119, przeto nie dziwi fakt, \u017ce liczni badacze i praktycy usi\u0142uj\u0105 j\u0105 wykorzysta\u0107 tak\u017ce w zastosowaniach medycznych. Omawiaj\u0105c obszary i formy tych zastosowa\u0144 warto wspomnie\u0107, \u017ce zastosowania w medycynie by\u0142y jednymi z pierwszych w okresie, gdy sztuczna inteligencja nie by\u0142a tak szeroko znana i \u2013 nie b\u00f3jmy si\u0119 tego s\u0142owa \u2013 modna, jak to ma miejsce obecnie. Jeden z pierwszych system\u00f3w ekspertowych jaki powsta\u0142 i by\u0142 stosowany nazywa\u0142 si\u0119 <b>Mycin<\/b>. Powsta\u0142 on na Uniwersytecie Stanforda w latach 70 XX wieku i s\u0142u\u017cy\u0142 do wspomagania diagnostyki i antybiotykoterapii zaka\u017ce\u0144 krwi.<\/p><p style=\"margin-top: 12.0pt;\">W wyk\u0142adzie inauguruj\u0105cym obrady konferencji <i><span lang=\"EN-US\">Intelligent Information Systems<\/span><\/i> z podtytu\u0142em <i><span lang=\"EN-US\">Artificial Intelligence Impact on Physical Sciences and Medicine<\/span><\/i> nie b\u0119dzie jednak mowa o <b>historii<\/b> sztucznej inteligencji w medycynie, tylko o obszarach i formach jej <b>aktualnych <\/b>zastosowa\u0144.<\/p><p style=\"margin-top: 12.0pt;\">Pierwszym obszarem owych zastosowa\u0144 jest niew\u0105tpliwie wspomaganie pracy urz\u0105dze\u0144 pozyskuj\u0105cych dane o pacjencie. Aparatura obecnie stosowana zbiera<br \/>informacje o morfologicznych i funkcjonalnych zmianach, jakie w organizmie pacjenta poczyni\u0142a choroba, ale wysok\u0105 jako\u015b\u0107 tych informacji zapewnia nie<br \/>tylko doskona\u0142o\u015b\u0107 system\u00f3w pozyskiwania informacji, ale tak\u017ce mo\u017cliwo\u015b\u0107 inteligentnej obr\u00f3bki tych informacji zanim zostan\u0105 one przedstawione<br \/>lekarzowi. Rola sztucznej inteligencji w tym obszarze jest ju\u017c bardzo wysoka i stale ro\u015bnie, bo inteligentnie zebrane i przedstawione symptomy s\u0105 warunkiem<br \/>skutecznego dzia\u0142ania lekarzy.<\/p><p style=\"margin-top: 12.0pt;\">Drugim obszarem, w kt\u00f3rym sztuczna inteligencja przyczynia si\u0119 do sukces\u00f3w w medycynie, jest wspomaganie procesu diagnostycznego i planowania terapii.<br \/>Rola sztucznej inteligencji jest tu bardzo istotna, bo formalnie lekarza podejmuj\u0105cy stosowne decyzje musi bra\u0107 pod uwag\u0119 ca\u0142o\u015b\u0107 wiedzy medycznej, nie<br \/>tylko tej, kt\u00f3r\u0105 wyni\u00f3s\u0142 ze studi\u00f3w i ze swojej w\u0142asnej praktyki lekarskiej, ale zgodnie z zasad\u0105 <i><span lang=\"EN-US\">knowledge based medicine<\/span><\/i> powinien\u00a0 uwzgl\u0119dnia\u0107 najnowsze wyniki bada\u0144 naukowych i raport\u00f3w praktycznych publikowane w milionach artyku\u0142\u00f3w naukowych na ca\u0142ym \u015bwiecie. Pomoc metod i technik sztucznej inteligencji jest tu bardzo przydatna, chocia\u017c trzeba pami\u0119ta\u0107, \u017ce nawet najbardziej inteligentny komputer nie postawi diagnozy i nie zaleci terapii, gdy\u017c te czynno\u015bci s\u0105 zarezerwowane dla cz\u0142owieka (lekarza), kt\u00f3ry za nie ponosi pe\u0142n\u0105 odpowiedzialno\u015b\u0107.<\/p><p style=\"margin-top: 12.0pt;\">Trzecim obszarem zastosowa\u0144 sztucznej inteligencji w medycynie jest sterowanie dzia\u0142aniem aparatury medycznej stosowanej (pod kontrol\u0105 lekarza) w<br \/>terapii i rehabilitacji. Od wyposa\u017conych w mn\u00f3stwo aparatury elektronicznej stanowisk OIOM (intensywnej opieki medycznej), poprzez nowoczesne sale<br \/>operacyjne (anestezjologia, roboty chirurgiczne, badania patomorfologiczne in situ), do urz\u0105dze\u0144 rehabilitacyjnych \u2013 wsz\u0119dzie tam pomoc sztucznej<br \/>inteligencji jest wielce u\u017cyteczna.<\/p><p style=\"margin-top: 12.0pt;\"><span style=\"font-family: inherit; font-size: inherit; font-style: inherit; font-variant-ligatures: inherit; font-variant-caps: inherit; font-weight: inherit;\">Czwartym wa\u017cnym obszarem zastosowa\u0144 sztucznej inteligencji w s\u0142u\u017cbie zdrowia jest sfera zarz\u0105dzania. Plac\u00f3wki s\u0142u\u017cby zdrowia (szpitale, ale tak\u017ce przychodnie) to dzi\u015b miejsca pracy ogromnej liczby ludzi a tak\u017ce miejsca, gdzie wydatkowane s\u0105 ogromne pieni\u0105dze, gromadzone s\u0105 wa\u017cne informacje i podejmowane s\u0105 wa\u017cne decyzje organizacyjne. To wszystko mo\u017ce by\u0107 wspomagane przez systemy sztucznej inteligencji wypr\u00f3bowane w licznych zastosowaniach gospodarczych.\u00a0<\/span><\/p><p style=\"margin-top: 12.0pt;\"><span style=\"font-family: inherit; font-size: inherit; font-style: inherit; font-variant-ligatures: inherit; font-variant-caps: inherit; font-weight: inherit;\"> <img decoding=\"async\" src=\"https:\/\/isit.uws.edu.pl\/wp-content\/uploads\/2025\/08\/wlodzislaw_duch.jpg\" alt=\"Photo of W\u0142odzis\u0142aw Duch\" width=\"300\" height=\"225\" \/><\/span><\/p><div><h4 style=\"--theme-font-weight: 900; --theme-font-size: 25px; --theme-line-height: 1.5; font-style: normal; font-weight: 900; font-size: 25px; line-height: 1.5; font-family: 'Playfair Display', sans-serif; color: #192a3d; letter-spacing: normal; text-transform: none; text-decoration: none solid #192a3d;\">prof. dr hab. in\u017c. W\u0142odzis\u0142aw Duch<\/h4><\/div><div><h5 style=\"--theme-font-weight: 900; --theme-font-size: 20px; --theme-line-height: 1.5; font-style: normal; font-weight: 900; font-size: 20px; line-height: 1.5; font-family: 'Playfair Display', sans-serif; color: #192a3d; letter-spacing: normal; text-transform: none; text-decoration: none solid #192a3d; margin-block-end: 16px;\">\u00a0<\/h5><h5 style=\"--theme-font-weight: 900; --theme-font-size: 20px; --theme-line-height: 1.5; font-style: normal; font-weight: 900; font-size: 20px; line-height: 1.5; font-family: 'Playfair Display', sans-serif; color: #192a3d; letter-spacing: normal; text-transform: none; text-decoration: none solid #192a3d; margin-block-end: 16px;\">SPEECH TITLE: &#8220;Physics-informed artificial intelligence&#8221;<\/h5><h5 style=\"--theme-font-weight: 900; --theme-font-size: 20px; --theme-line-height: 1.5; font-style: normal; font-weight: 900; font-size: 20px; line-height: 1.5; font-family: 'Playfair Display', sans-serif; color: #192a3d; letter-spacing: normal; text-transform: none; text-decoration: none solid #192a3d; margin-block-end: 16px;\">SPEECH DATE: Thursday, September 25, 2025, 9:30 &#8211; 10:30<\/h5><div><h5 style=\"--theme-font-weight: 900; --theme-font-size: 20px; --theme-line-height: 1.5; font-style: normal; font-weight: 900; font-size: 20px; line-height: 1.5; font-family: 'Playfair Display', sans-serif; color: #192a3d; letter-spacing: normal; text-transform: none; text-decoration: none solid #192a3d; margin-block-end: 16px;\"><strong style=\"color: #3a4f66; font-family: Raleway, sans-serif; font-size: 16px;\">BIOGRAPHY<\/strong><\/h5><div><p style=\"font-family: Arial, Helvetica; color: #000000; font-size: medium; font-style: normal; font-variant-ligatures: normal; font-variant-caps: normal; font-weight: 400;\">Profesor W\u0142odzis\u0142aw Duch opr\u00f3cz kierowania\u00a0<a href=\"https:\/\/lnk.icnt.umk.pl\/index.php\">Laboratorium Neurokognitywnego<\/a>\u00a0jest te\u017c kierownikiem zespo\u0142u\u00a0<a href=\"https:\/\/damsi.umk.pl\/en\/centre\/neuroinformatics-and-artificial-intelligence\/\">Neuroinformatics and Artificial Intelligence\u00a0<\/a>w\u00a0<a href=\"https:\/\/damsi.umk.pl\/en\/\">University Centre of Excellence Dynamics, Mathematical Analysis and Artificial Intelligence<\/a>, oraz pracownikiem\u00a0<a href=\"https:\/\/int.umk.pl\/kis\/indexpl.html\">Katedry Informatyki Stosowanej<\/a>\u00a0na\u00a0<a href=\"https:\/\/www.umk.pl\/\">Uniwersytecie Miko\u0142aja Kopernika<\/a>\u00a0w\u00a0<a href=\"https:\/\/www.torun.pl\/\">Toruniu<\/a>. Pracowa\u0142 te\u017c na Wydziale In\u017cynierii Komputerowej (<a href=\"https:\/\/www.ntu.edu.sg\/sce\/default.asp\">School of Computer Engineering<\/a>), Uniwersytetu Technologiczego Nanyang (<a href=\"https:\/\/www.ntu.edu.sg\/\">Nanyang Technological University<\/a>) w Singapurze jako Nanyang Visiting Professor i visiting professor (2003-2012). Przez dwie kadencje piastowa\u0142 stanowisko prezesa Europejskiego Towarzystwa Sieci Neuronowych (<a href=\"https:\/\/www.e-nns.org\/\">European Neural Networks Society<\/a>, 2006-2008-2011), w 2013 roku wybrany do\u00a0<a href=\"https:\/\/www.inns.org\/college-of-fellows-members\">College of Fellows of the International Neural Networks Society<\/a>. By\u0142 wiceministrem odpowiedzialnym za nauk\u0119 w Polsce (2014-15) i prorektorem ds. bada\u0144 naukowych i informatyzacji na UMK (2012-14).<\/p><p style=\"text-align: justify;\"><span style=\"font-weight: bold; text-align: start;\">ABSTRACT<\/span><\/p><p>Understanding the neural basis of mental phenomena remains a great challenge. Attractor neural networks are our best models linking mental states with the physical properties of the brain. Information (from senses and memory) is embedded in high-dimensional patterns of neural activity and can be visualized by fMRI scans. Although biological and technological computational substrates are different at the functional level there are many similarities. Generative neural models based on diffusion processes resemble formation of brain patterns, illustrating associative aspects of thinking in large language models. Transitions between attractor states simulate chains of thought. Higher-level processes needed for reasoning strategies are inspired by cognitive science. Large neural models (LLMs) internalize information in rich contexts, learning from all kinds of data.\u00a0 Physics-informed systems can be first trained to respect constraints based on the laws of physics, before successful applications to predict complex real-world phenomena. Attractor network simulations show how temporo-spatial processing disorders can be related to properties of networks and individual neurons, and offer a neural interpretation of psychological phenomena. They may also explain strange observations of emergent personalities reported recently by a number of people.\u00a0<\/p><div><h4 style=\"--theme-font-weight: 900; --theme-font-size: 25px; --theme-line-height: 1.5; font-style: normal; font-weight: 900; font-size: 25px; line-height: 1.5; font-family: 'Playfair Display', sans-serif; color: #192a3d; letter-spacing: normal; text-transform: none; text-decoration: none solid #192a3d;\">prof. dr hab. Marcin Paprzycki<\/h4><\/div><div><h5 style=\"--theme-font-weight: 900; --theme-font-size: 20px; --theme-line-height: 1.5; font-style: normal; font-weight: 900; font-size: 20px; line-height: 1.5; font-family: 'Playfair Display', sans-serif; color: #192a3d; letter-spacing: normal; text-transform: none; text-decoration: none solid #192a3d; margin-block-end: 16px;\">\u00a0<\/h5><h5 style=\"--theme-font-weight: 900; --theme-font-size: 20px; --theme-line-height: 1.5; font-style: normal; font-weight: 900; font-size: 20px; line-height: 1.5; font-family: 'Playfair Display', sans-serif; color: #192a3d; letter-spacing: normal; text-transform: none; text-decoration: none solid #192a3d; margin-block-end: 16px;\">SPEECH TITLE: &#8220;<strong>Extended Green Cloud Simulator &#8211; Leveraging Multi-Agent Systems for Green Cloud Simulations<\/strong>&#8220;<\/h5><h5 style=\"--theme-font-weight: 900; --theme-font-size: 20px; --theme-line-height: 1.5; font-style: normal; font-weight: 900; font-size: 20px; line-height: 1.5; font-family: 'Playfair Display', sans-serif; color: #192a3d; letter-spacing: normal; text-transform: none; text-decoration: none solid #192a3d; margin-block-end: 16px;\">SPEECH DATE: Friday, September 26, 2025, 9:00 &#8211; 10:00<\/h5><div><h5 style=\"--theme-font-weight: 900; --theme-font-size: 20px; --theme-line-height: 1.5; font-style: normal; font-weight: 900; font-size: 20px; line-height: 1.5; font-family: 'Playfair Display', sans-serif; color: #192a3d; letter-spacing: normal; text-transform: none; text-decoration: none solid #192a3d; margin-block-end: 16px;\"><strong style=\"color: #3a4f66; font-family: Raleway, sans-serif; font-size: 16px;\">BIOGRAPHY<\/strong><\/h5><div><p>Marcin PAPRZYCKI, Systems Research Institute Polish Academy of Sciences. He has an MS degree from the Adam Mickiewicz University in Pozna\u0144,<br \/>Poland, a Ph.D. from the Southern Methodist University in Dallas, Texas, USA, and a Doctor of Science degree from the Bulgarian Academy of Sciences, Sofia, Bulgaria. He is a Senior Member of the ACM, a Senior Member of the IEEE, he was a Senior Fulbright Lecturer, and an IEEE CS Distinguished Visitor. His original research interests were in the area of high performance computing \/ parallel computing \/ computational mathematics. Over time they shifted towards intelligent systems, software agents and agent systems, and application of semantic technologies, among others. Currently he serves as IEEE Poland Section<br \/>Conference Coordinator. He has contributed to more than 500 publications, and was invited to the program committees of over 1000 international conferences. He is on the editorial boards of 12 journals.<\/p><p><span style=\"font-weight: bold;\">ABSTRACT<\/span><\/p><p><span style=\"font-size: 12.0pt; font-family: 'Aptos',sans-serif; mso-fareast-font-family: Calibri; mso-fareast-theme-font: minor-latin; mso-bidi-font-family: Aptos; mso-font-kerning: 0pt; mso-ligatures: none; mso-ansi-language: PL; mso-fareast-language: PL; mso-bidi-language: AR-SA;\">While cloud infrastructures offer multiple advantages for the delivery of computing and data resources, the environmental impact of large data centers is a reason for concern. To address this issue, companies started to seek more sustainable alternatives and proposed the concept of carbon-aware clouds, where renewable energy sources are to be utilized. However, since cloud workloads are inherently dynamic and unpredictable, their effective orchestration introduces additional <br \/>challenges. Consequently, there is a need for solutions that enable the evaluation of orchestration methods before deployment into production. Among them are simulation models, which are the focus of this presentation. In particular, an Extended Green Cloud Simulator (EGCS), an agent-based framework that supports the modeling and simulation of carbon-aware clouds will be presented. Discussion will cover the following topics: (1) how agents were used in EGCS for modeling system components, (2) how their knowledge and decision-making processes are represented, and (3) how rule-based expert systems facilitated the <br \/>creation of modular and adaptive orchestration strategies. Finally, the presentation will briefly demonstrate the practical use of EGCS in evaluating different resource allocation mechanisms.<br \/><br \/><!-- [if !supportLineBreakNewLine]--><br \/><!--[endif]--><\/span><\/p><\/div><\/div><\/div><\/div><\/div><\/div><div><span style=\"font-weight: bold;\">\u00a0<\/span><\/div><\/div><\/div><\/div>\t\t\t\t\t\t\t\t<\/div>\n\t\t\t\t<\/div>\n\t\t\t\t\t<\/div>\n\t\t\t\t<\/div>\n\t\t\t\t<\/div>\n\t\t","protected":false},"excerpt":{"rendered":"<p>Keynote speakers prof. dr hab. Zbigniew J\u00f3zef Michalewicz \u00a0 SPEECH TITLE: &#8220;AI-based Business Applications for Transforming Data into Decisions&#8221; SPEECH DATE: Wednesday, September 24, 2025, 9:30 &#8211; 10:30 BIOGRAPHY Zbigniew Michalewicz received his M.Sc. from the Technical University of Warsaw (1974), Ph.D. from the Polish Academy of Sciences (1981), and D.Sc. in Computer Science (1997). [&hellip;]<\/p>\n","protected":false},"author":1,"featured_media":0,"parent":0,"menu_order":0,"comment_status":"closed","ping_status":"closed","template":"elementor_header_footer","meta":{"footnotes":""},"class_list":["post-824","page","type-page","status-publish","hentry"],"blocksy_meta":[],"_links":{"self":[{"href":"https:\/\/cisit.uws.edu.pl\/2025\/wp-json\/wp\/v2\/pages\/824","targetHints":{"allow":["GET"]}}],"collection":[{"href":"https:\/\/cisit.uws.edu.pl\/2025\/wp-json\/wp\/v2\/pages"}],"about":[{"href":"https:\/\/cisit.uws.edu.pl\/2025\/wp-json\/wp\/v2\/types\/page"}],"author":[{"embeddable":true,"href":"https:\/\/cisit.uws.edu.pl\/2025\/wp-json\/wp\/v2\/users\/1"}],"replies":[{"embeddable":true,"href":"https:\/\/cisit.uws.edu.pl\/2025\/wp-json\/wp\/v2\/comments?post=824"}],"version-history":[{"count":87,"href":"https:\/\/cisit.uws.edu.pl\/2025\/wp-json\/wp\/v2\/pages\/824\/revisions"}],"predecessor-version":[{"id":1294,"href":"https:\/\/cisit.uws.edu.pl\/2025\/wp-json\/wp\/v2\/pages\/824\/revisions\/1294"}],"wp:attachment":[{"href":"https:\/\/cisit.uws.edu.pl\/2025\/wp-json\/wp\/v2\/media?parent=824"}],"curies":[{"name":"wp","href":"https:\/\/api.w.org\/{rel}","templated":true}]}}